{"id":182,"date":"2009-11-06T21:37:33","date_gmt":"2009-11-06T19:37:33","guid":{"rendered":"http:\/\/www.richardconsulting.ro\/blog\/?page_id=182"},"modified":"2023-04-18T14:27:03","modified_gmt":"2023-04-18T11:27:03","slug":"cum-ne-gasiti","status":"publish","type":"page","link":"https:\/\/richardconsulting.ro\/blog\/cum-ne-gasiti\/","title":{"rendered":"Contact"},"content":{"rendered":"<p>[formidable id=4]<\/p>\n<p><strong>Richard Consulting<\/strong>, are birouri \u015fi showroom de automatizare cu standardul KNX la aceast\u0103 adres\u0103:<br \/>\nstr. Negoi 58b<br \/>\n550275, Sibiu<br \/>\nROMANIA<\/p>\n<p>mobil: +40.722.317317<br \/>\nemail: office [arond] richardconsulting [punct] ro<\/p>\n<p>Director \u0219i reprezentant legal: ing. Richard Vencu<\/p>\n","protected":false},"excerpt":{"rendered":"<p>[formidable id=4] Richard Consulting, are birouri \u015fi showroom de automatizare cu standardul KNX la aceast\u0103 adres\u0103: str. Negoi 58b 550275, Sibiu ROMANIA mobil: +40.722.317317 email: office [arond] richardconsulting [punct] ro Director \u0219i reprezentant legal: ing. Richard Vencu<\/p>\n","protected":false},"author":2,"featured_media":0,"parent":0,"menu_order":9,"comment_status":"open","ping_status":"closed","template":"","meta":{"footnotes":""},"class_list":["post-182","page","type-page","status-publish","hentry"],"_links":{"self":[{"href":"https:\/\/richardconsulting.ro\/blog\/wp-json\/wp\/v2\/pages\/182","targetHints":{"allow":["GET"]}}],"collection":[{"href":"https:\/\/richardconsulting.ro\/blog\/wp-json\/wp\/v2\/pages"}],"about":[{"href":"https:\/\/richardconsulting.ro\/blog\/wp-json\/wp\/v2\/types\/page"}],"author":[{"embeddable":true,"href":"https:\/\/richardconsulting.ro\/blog\/wp-json\/wp\/v2\/users\/2"}],"replies":[{"embeddable":true,"href":"https:\/\/richardconsulting.ro\/blog\/wp-json\/wp\/v2\/comments?post=182"}],"version-history":[{"count":4,"href":"https:\/\/richardconsulting.ro\/blog\/wp-json\/wp\/v2\/pages\/182\/revisions"}],"predecessor-version":[{"id":1425,"href":"https:\/\/richardconsulting.ro\/blog\/wp-json\/wp\/v2\/pages\/182\/revisions\/1425"}],"wp:attachment":[{"href":"https:\/\/richardconsulting.ro\/blog\/wp-json\/wp\/v2\/media?parent=182"}],"curies":[{"name":"wp","href":"https:\/\/api.w.org\/{rel}","templated":true}]}}