{"id":553,"date":"2010-05-08T21:27:30","date_gmt":"2010-05-08T19:27:30","guid":{"rendered":"http:\/\/www.richardconsulting.ro\/blog\/?page_id=553"},"modified":"2010-11-11T13:18:19","modified_gmt":"2010-11-11T11:18:19","slug":"studii-de-caz","status":"publish","type":"page","link":"https:\/\/richardconsulting.ro\/blog\/studii-de-caz\/","title":{"rendered":"Studii de caz"},"content":{"rendered":"<h2 id=\"atentiune\"><span style=\"font-size: small;\"><span style=\"text-decoration: underline;\">Dac\u0103 v\u0103 plac documentele noastre \u015fi dac\u0103 dori\u0163i s\u0103 primi\u0163i automat documente similare \u00een momentul public\u0103rii lor, v\u0103 rug\u0103m s\u0103 v\u0103 \u00eenregistra\u0163i la newsletter (maxim un email pe lun\u0103) folosind formularul din st\u00e2nga paginii.<\/span><\/span><\/h2>\n<h3><strong>IT<\/strong><\/h3>\n<p><strong>1. <a href=\"http:\/\/richardconsulting.ro\/thankyou1.html\"> Modelarea \u015fi performan\u0163ele sistemelor de stocare<\/a> (PDF 606KB <img decoding=\"async\" src=\"http:\/\/richardconsulting.ro\/blog\/wp-content\/uploads\/2010\/05\/pdf.png\" alt=\"fisier PDF\" \/>)<\/strong><\/p>\n<p><strong>Ceea ce urm\u0103rim prin prezentul material este s\u0103 oferim pe c\u00e2t posibil un ghid de modelare \u015fi selec\u0163ie a sistemelor de stocare func\u0163ie de necesit\u0103\u0163ile aplica\u0163iilor folosite, beneficiind de in\u0163elegerea teoriei cozilor explicat\u0103 \u00een prima parte a materialului. \u00cen final se va demonstra o analiz\u0103 comparativ\u0103, prin teste, \u00eentre dou\u0103 tipuri de sisteme de stocare, rota\u0163ionale \u00een configura\u0163ie RAID \u015fi SSD.<\/strong><\/p>\n<h3><strong>Home Automation<\/strong><\/h3>\n<p><strong>1. <a href=\"http:\/\/richardconsulting.ro\/thankyou2.html\">Sisteme active pentru climatizarea cl\u0103dirilor<\/a> (PDF 1.0MB <img decoding=\"async\" src=\"http:\/\/richardconsulting.ro\/blog\/wp-content\/uploads\/2010\/05\/pdf.png\" alt=\"fisier PDF\" \/>)<\/strong><\/p>\n<p><strong>\u00cen acest material vom prezenta conceptul de control activ al climatiz\u0103rii cl\u0103dirilor<br \/>\na\u0219a cum este promovat de standardul KNX (www.knx.org) cu exemplific\u0103ri<br \/>\npractice din proiectele executate de noi.<\/strong><\/p>\n<p><strong>2. <a href=\"http:\/\/richardconsulting.ro\/thankyou3.html\">Iluminatul inteligent<\/a> (PDF 940KB <img decoding=\"async\" src=\"http:\/\/richardconsulting.ro\/blog\/wp-content\/uploads\/2010\/05\/pdf.png\" alt=\"fisier PDF\" \/>)<\/strong><\/p>\n<p><strong>\u00cen acest material vom prezenta conceptul de control activ al ilumin\u0103rii cl\u0103dirilor a\u0219a cum este promovat de standardul KNX (www.knx.org) cu exemplific\u0103ri practice din proiectele executate de noi.<\/strong><\/p>\n","protected":false},"excerpt":{"rendered":"<p>Dac\u0103 v\u0103 plac documentele noastre \u015fi dac\u0103 dori\u0163i s\u0103 primi\u0163i automat documente similare \u00een momentul public\u0103rii lor, v\u0103 rug\u0103m s\u0103 v\u0103 \u00eenregistra\u0163i la newsletter (maxim un email pe lun\u0103) folosind formularul din st\u00e2nga paginii. IT 1. Modelarea \u015fi performan\u0163ele sistemelor de stocare (PDF 606KB ) Ceea ce urm\u0103rim prin prezentul material este s\u0103 oferim pe [&hellip;]<\/p>\n","protected":false},"author":2,"featured_media":0,"parent":0,"menu_order":0,"comment_status":"open","ping_status":"closed","template":"","meta":{"footnotes":""},"class_list":["post-553","page","type-page","status-publish","hentry"],"_links":{"self":[{"href":"https:\/\/richardconsulting.ro\/blog\/wp-json\/wp\/v2\/pages\/553","targetHints":{"allow":["GET"]}}],"collection":[{"href":"https:\/\/richardconsulting.ro\/blog\/wp-json\/wp\/v2\/pages"}],"about":[{"href":"https:\/\/richardconsulting.ro\/blog\/wp-json\/wp\/v2\/types\/page"}],"author":[{"embeddable":true,"href":"https:\/\/richardconsulting.ro\/blog\/wp-json\/wp\/v2\/users\/2"}],"replies":[{"embeddable":true,"href":"https:\/\/richardconsulting.ro\/blog\/wp-json\/wp\/v2\/comments?post=553"}],"version-history":[{"count":1,"href":"https:\/\/richardconsulting.ro\/blog\/wp-json\/wp\/v2\/pages\/553\/revisions"}],"predecessor-version":[{"id":808,"href":"https:\/\/richardconsulting.ro\/blog\/wp-json\/wp\/v2\/pages\/553\/revisions\/808"}],"wp:attachment":[{"href":"https:\/\/richardconsulting.ro\/blog\/wp-json\/wp\/v2\/media?parent=553"}],"curies":[{"name":"wp","href":"https:\/\/api.w.org\/{rel}","templated":true}]}}